{"id":6,"date":"2024-07-03T17:27:46","date_gmt":"2024-07-03T17:27:46","guid":{"rendered":"https:\/\/ff-ruppertsburg.de\/?page_id=6"},"modified":"2024-07-17T07:39:18","modified_gmt":"2024-07-17T07:39:18","slug":"ff-ruppertsburg","status":"publish","type":"page","link":"https:\/\/ff-ruppertsburg.de\/?page_id=6","title":{"rendered":"Willkommen"},"content":{"rendered":"\n<p class=\"has-text-align-left has-large-font-size\"><strong>bei der Feuerwehr Ruppertsburg!<\/strong><\/p>\n\n\n\n<p>Unsere Feuerwehr ist eine wichtige Institution in Ruppertsburg, die sich seit 100 Jahren um die Sicherheit und das Wohlergehen unserer B\u00fcrger k\u00fcmmert. Wir sind stolz darauf, Teil einer starken Gemeinschaft von rund 200 engagierten Einsatzkr\u00e4ften in der Gemeinde Laubach zu sein, die rund um die Uhr bereitstehen, um in Notf\u00e4llen zu helfen.<\/p>\n\n\n\n<p>Unsere \u00f6rtliche Einsatzabteilung besteht derzeit aus 18 engagierten Mitgliedern, die jederzeit einsatzbereit sind und sich durch kontinuierliche Ausbildung und Teamarbeit auszeichnen. Wir arbeiten eng mit anderen Abteilungen innerhalb der Feuerwehr der Gro\u00dfgemeinde zusammen, um eine effiziente und professionelle Hilfeleistung zu gew\u00e4hrleisten.<\/p>\n\n\n\n<p>F\u00fcr die j\u00fcngeren Generationen bieten wir eine Jugend- und eine Kinderabteilung an. Hier lernen die Kinder unter fachkundiger Anleitung die Grundlagen der Feuerwehrarbeit kennen. Zudem k\u00f6nnen sie auch jede Menge Spiel und Spa\u00df erleben. Wir organisieren regelm\u00e4\u00dfig Aktivit\u00e4ten und Veranstaltungen, die darauf abzielen, den Teamgeist zu st\u00e4rken und das Verst\u00e4ndnis f\u00fcr Sicherheit und Zusammenarbeit zu f\u00f6rdern.<\/p>\n\n\n\n<p>Dar\u00fcber hinaus verf\u00fcgen wir \u00fcber eine Alters- und Ehrenabteilung, die ehemaligen aktiven Mitgliedern eine Plattform bietet, um weiterhin Teil unserer Gemeinschaft zu sein und ihre Erfahrungen weiterzugeben.<\/p>\n\n\n\n<p>Wir sind immer auf der Suche nach neuen Mitgliedern f\u00fcr unseren Verein und unsere Einsatzabteilung. Egal ob jung oder alt, bei uns ist jeder herzlich willkommen! Wenn Sie sich f\u00fcr Technik und Teamarbeit interessieren und bereit sind, sich aktiv f\u00fcr die Sicherheit unserer Gemeinde einzusetzen, dann sind Sie bei uns genau richtig.<\/p>\n\n\n\n<p>Werden Sie Teil unserer Feuerwehrfamilie und helfen Sie mit, unsere Gemeinde sicherer zu machen! Besuchen Sie uns bei einem unserer \u00dcbungsabende oder kontaktieren Sie uns f\u00fcr weitere Informationen. Zusammen k\u00f6nnen wir viel bewegen und Gutes tun.<\/p>\n\n\n\n<p class=\"has-text-align-center has-large-font-size\">Ihre Feuerwehr Ruppertsburg<\/p>\n\n\n\n<p><\/p>\n","protected":false},"excerpt":{"rendered":"<p>bei der Feuerwehr Ruppertsburg! Unsere Feuerwehr ist eine wichtige Institution in Ruppertsburg, die sich seit 100 Jahren um die Sicherheit und das Wohlergehen unserer B\u00fcrger k\u00fcmmert. Wir sind stolz darauf, Teil einer starken Gemeinschaft von rund 200 engagierten Einsatzkr\u00e4ften in der Gemeinde Laubach zu sein, die rund um die Uhr bereitstehen, um in Notf\u00e4llen zu &hellip; <\/p>\n<p><a class=\"more-link btn\" href=\"https:\/\/ff-ruppertsburg.de\/?page_id=6\">Continue reading<\/a><\/p>\n","protected":false},"author":1,"featured_media":0,"parent":0,"menu_order":0,"comment_status":"closed","ping_status":"closed","template":"","meta":{"footnotes":""},"class_list":["post-6","page","type-page","status-publish","hentry","nodate","item-wrap"],"_links":{"self":[{"href":"https:\/\/ff-ruppertsburg.de\/index.php?rest_route=\/wp\/v2\/pages\/6","targetHints":{"allow":["GET"]}}],"collection":[{"href":"https:\/\/ff-ruppertsburg.de\/index.php?rest_route=\/wp\/v2\/pages"}],"about":[{"href":"https:\/\/ff-ruppertsburg.de\/index.php?rest_route=\/wp\/v2\/types\/page"}],"author":[{"embeddable":true,"href":"https:\/\/ff-ruppertsburg.de\/index.php?rest_route=\/wp\/v2\/users\/1"}],"replies":[{"embeddable":true,"href":"https:\/\/ff-ruppertsburg.de\/index.php?rest_route=%2Fwp%2Fv2%2Fcomments&post=6"}],"version-history":[{"count":3,"href":"https:\/\/ff-ruppertsburg.de\/index.php?rest_route=\/wp\/v2\/pages\/6\/revisions"}],"predecessor-version":[{"id":99,"href":"https:\/\/ff-ruppertsburg.de\/index.php?rest_route=\/wp\/v2\/pages\/6\/revisions\/99"}],"wp:attachment":[{"href":"https:\/\/ff-ruppertsburg.de\/index.php?rest_route=%2Fwp%2Fv2%2Fmedia&parent=6"}],"curies":[{"name":"wp","href":"https:\/\/api.w.org\/{rel}","templated":true}]}}